{"id":14094,"date":"2022-07-08T16:27:13","date_gmt":"2022-07-08T16:27:13","guid":{"rendered":"https:\/\/pulsebyscanda.com\/privacy-notice\/"},"modified":"2024-09-21T03:44:10","modified_gmt":"2024-09-21T03:44:10","slug":"privacy-notice","status":"publish","type":"page","link":"https:\/\/pulsebyscanda.com\/en\/privacy-notice\/","title":{"rendered":"Privacy Notice"},"content":{"rendered":"\t\t<div data-elementor-type=\"wp-page\" data-elementor-id=\"14094\" class=\"elementor elementor-14094 elementor-8536\" data-elementor-post-type=\"page\">\n\t\t\t\t\t\t<section class=\"elementor-section elementor-top-section elementor-element elementor-element-a68fcaa elementor-section-full_width elementor-section-height-default elementor-section-height-default\" data-id=\"a68fcaa\" data-element_type=\"section\" data-e-type=\"section\" data-settings=\"{&quot;background_background&quot;:&quot;classic&quot;}\">\n\t\t\t\t\t\t\t<div class=\"elementor-background-overlay\"><\/div>\n\t\t\t\t\t\t\t<div class=\"elementor-container elementor-column-gap-default\">\n\t\t\t\t\t<div class=\"elementor-column elementor-col-100 elementor-top-column elementor-element elementor-element-85bfdf4\" data-id=\"85bfdf4\" data-element_type=\"column\" data-e-type=\"column\">\n\t\t\t<div class=\"elementor-widget-wrap elementor-element-populated\">\n\t\t\t\t\t\t<div class=\"elementor-element elementor-element-da2d1bf elementor-widget elementor-widget-spacer\" data-id=\"da2d1bf\" data-element_type=\"widget\" data-e-type=\"widget\" data-widget_type=\"spacer.default\">\n\t\t\t\t<div class=\"elementor-widget-container\">\n\t\t\t\t\t\t\t<div class=\"elementor-spacer\">\n\t\t\t<div class=\"elementor-spacer-inner\"><\/div>\n\t\t<\/div>\n\t\t\t\t\t\t<\/div>\n\t\t\t\t<\/div>\n\t\t\t\t<div class=\"elementor-element elementor-element-879ab5b elementor-widget elementor-widget-text-editor\" data-id=\"879ab5b\" data-element_type=\"widget\" data-e-type=\"widget\" data-widget_type=\"text-editor.default\">\n\t\t\t\t<div class=\"elementor-widget-container\">\n\t\t\t\t\t\t\t\t\t<p>PRIVACY NOTICE<\/p>\n\t\t\t\t\t\t\t\t<\/div>\n\t\t\t\t<\/div>\n\t\t\t\t<div class=\"elementor-element elementor-element-d3b76d7 elementor-widget elementor-widget-spacer\" data-id=\"d3b76d7\" data-element_type=\"widget\" data-e-type=\"widget\" data-widget_type=\"spacer.default\">\n\t\t\t\t<div class=\"elementor-widget-container\">\n\t\t\t\t\t\t\t<div class=\"elementor-spacer\">\n\t\t\t<div class=\"elementor-spacer-inner\"><\/div>\n\t\t<\/div>\n\t\t\t\t\t\t<\/div>\n\t\t\t\t<\/div>\n\t\t\t\t\t<\/div>\n\t\t<\/div>\n\t\t\t\t\t<\/div>\n\t\t<\/section>\n\t\t\t\t<section class=\"elementor-section elementor-top-section elementor-element elementor-element-2be0e12 elementor-section-boxed elementor-section-height-default elementor-section-height-default\" data-id=\"2be0e12\" data-element_type=\"section\" data-e-type=\"section\">\n\t\t\t\t\t\t<div class=\"elementor-container elementor-column-gap-default\">\n\t\t\t\t\t<div class=\"elementor-column elementor-col-100 elementor-top-column elementor-element elementor-element-4cea13fb\" data-id=\"4cea13fb\" data-element_type=\"column\" data-e-type=\"column\">\n\t\t\t<div class=\"elementor-widget-wrap elementor-element-populated\">\n\t\t\t\t\t\t<div class=\"elementor-element elementor-element-26de0a58 elementor-widget elementor-widget-text-editor\" data-id=\"26de0a58\" data-element_type=\"widget\" data-e-type=\"widget\" data-widget_type=\"text-editor.default\">\n\t\t\t\t<div class=\"elementor-widget-container\">\n\t\t\t\t\t\t\t\t\t<div class=\"section the_content has_content\">\n<div class=\"section_wrapper\">\n<div class=\"the_content_wrapper \">\n<div class=\"vc_row wpb_row vc_row-fluid\">\n<div class=\"wpb_column vc_column_container vc_col-sm-12\">\n<div class=\"vc_column-inner\">\n<div class=\"wpb_wrapper\">\n<div class=\"wpb_text_column wpb_content_element \">\n<div class=\"wpb_wrapper\">\n<p>Grupo Scanda and its subsidiaries (Colaboraci\u00f3n Tecnol\u00f3gica S.A de C.V.) with address at Miguel Laurent 804, piso 5, colonia Del Letr\u00e1n Valle, Delegaci\u00f3n Benito Juarez, C.P. 03650, M\u00e9xico, D.F.; is responsible for collecting your personal data, the use given to them and their protection.<br \/>\nThe personal data we collect is used for the following purposes: <\/p>\n<\/p>\n<p>\u2714 To market or offer our products and services.<br \/>\u2714 Conduct telephone or electronic media campaigns for promotions of new products and\/or services with our customers.<br \/>\u2714 To inform about new products, services or changes related to the contract or acquisitions made by our customers.<br \/>\u2714 Statistical and market analysis.<br \/>\u2714 Invitation to events and webcasts organized by the Group and its member companies.<br \/>\u2714 Evaluate the quality and satisfaction of the products and\/or services acquired by our customers.<br \/>\u2714 To comply with obligations contracted with our customers.<br \/>\u2714 To comply with obligations contracted with our suppliers.<br \/>\u2714 To comply with requests made by authorities, when necessary to safeguard the public interest, the procurement and administration of justice.<br \/>\u2714 For the aforementioned purposes, we require to obtain the following personal data:<\/p>\n<p>\u2714 Full name, company where you work, e-mail, telephone numbers, position.<\/p>\n<p>You have the right to access, rectify and cancel your personal data, as well as to oppose the processing thereof or revoke the consent you have given us for such purpose, through the procedures we have implemented.<\/p>\n<\/p>\n<p>To learn about these procedures, requirements and deadlines, please contact: Ing.<br \/>\nArmando Galv\u00e1n at Miguel Laurent 804, Letr\u00e1n Valle, Benito Juarez, telephone (55) 1251-2700, or e-mail armando.galvan@scanda.com.mx. <\/p>\n<\/p>\n<p>If you do not express your opposition to the transfer of your personal data, it will be understood that you have given your consent to do so.<br \/>\nWe reserve the right to make changes or updates to this privacy notice at any time, in order to comply with new legislation or jurisprudence, internal policies, new requirements for the provision or offering of our services or products and market practices.<br \/>\nThese modifications will be available to the public through our website www.scanda.com.mx.  <\/p>\n<\/p>\n<p>Date last updated 20\/September\/2018<\/p>\n<\/div>\n<\/div>\n<\/div>\n<\/div>\n<\/div>\n<\/div>\n<\/div>\n<\/div>\n<\/div>\n\t\t\t\t\t\t\t\t<\/div>\n\t\t\t\t<\/div>\n\t\t\t\t\t<\/div>\n\t\t<\/div>\n\t\t\t\t\t<\/div>\n\t\t<\/section>\n\t\t\t\t<section class=\"elementor-section elementor-top-section elementor-element elementor-element-4b7555e5 elementor-section-boxed elementor-section-height-default elementor-section-height-default\" data-id=\"4b7555e5\" data-element_type=\"section\" data-e-type=\"section\">\n\t\t\t\t\t\t<div class=\"elementor-container elementor-column-gap-default\">\n\t\t\t\t\t<div class=\"elementor-column elementor-col-100 elementor-top-column elementor-element elementor-element-5b9d89cc\" data-id=\"5b9d89cc\" data-element_type=\"column\" data-e-type=\"column\">\n\t\t\t<div class=\"elementor-widget-wrap elementor-element-populated\">\n\t\t\t\t\t\t<div class=\"elementor-element elementor-element-3ba39aaf elementor-widget elementor-widget-spacer\" data-id=\"3ba39aaf\" data-element_type=\"widget\" data-e-type=\"widget\" data-widget_type=\"spacer.default\">\n\t\t\t\t<div class=\"elementor-widget-container\">\n\t\t\t\t\t\t\t<div class=\"elementor-spacer\">\n\t\t\t<div class=\"elementor-spacer-inner\"><\/div>\n\t\t<\/div>\n\t\t\t\t\t\t<\/div>\n\t\t\t\t<\/div>\n\t\t\t\t\t<\/div>\n\t\t<\/div>\n\t\t\t\t\t<\/div>\n\t\t<\/section>\n\t\t\t\t<\/div>\n\t\t","protected":false},"excerpt":{"rendered":"<p>PRIVACY NOTICE Grupo Scanda and its subsidiaries (Colaboraci\u00f3n Tecnol\u00f3gica S.A de C.V.) with address at Miguel Laurent 804, piso 5, colonia Del Letr\u00e1n Valle, Delegaci\u00f3n Benito Juarez, C.P. 03650, M\u00e9xico, D.F.; is responsible for collecting your personal data, the use given to them and their protection. The personal data we collect is used for the [&hellip;]<\/p>\n","protected":false},"author":8,"featured_media":0,"parent":0,"menu_order":0,"comment_status":"closed","ping_status":"closed","template":"","meta":{"content-type":"","footnotes":""},"class_list":["post-14094","page","type-page","status-publish","hentry"],"yoast_head":"<!-- This site is optimized with the Yoast SEO plugin v27.3 - https:\/\/yoast.com\/product\/yoast-seo-wordpress\/ -->\n<title>Privacy Notice - Pulse<\/title>\n<meta name=\"description\" content=\"privacy notice\" \/>\n<meta name=\"robots\" content=\"index, follow, max-snippet:-1, max-image-preview:large, max-video-preview:-1\" \/>\n<link rel=\"canonical\" href=\"https:\/\/pulsebyscanda.com\/en\/privacy-notice\/\" \/>\n<meta property=\"og:locale\" content=\"en_US\" \/>\n<meta property=\"og:type\" content=\"article\" \/>\n<meta property=\"og:title\" content=\"Privacy Notice - Pulse\" \/>\n<meta property=\"og:description\" content=\"privacy notice\" \/>\n<meta property=\"og:url\" content=\"https:\/\/pulsebyscanda.com\/en\/privacy-notice\/\" \/>\n<meta property=\"og:site_name\" content=\"Pulse\" \/>\n<meta property=\"article:modified_time\" content=\"2024-09-21T03:44:10+00:00\" \/>\n<meta name=\"twitter:card\" content=\"summary_large_image\" \/>\n<meta name=\"twitter:label1\" content=\"Est. reading time\" \/>\n\t<meta name=\"twitter:data1\" content=\"2 minutes\" \/>\n<script type=\"application\/ld+json\" class=\"yoast-schema-graph\">{\"@context\":\"https:\\\/\\\/schema.org\",\"@graph\":[{\"@type\":\"WebPage\",\"@id\":\"https:\\\/\\\/pulsebyscanda.com\\\/en\\\/privacy-notice\\\/\",\"url\":\"https:\\\/\\\/pulsebyscanda.com\\\/en\\\/privacy-notice\\\/\",\"name\":\"Privacy Notice - Pulse\",\"isPartOf\":{\"@id\":\"https:\\\/\\\/pulsebyscanda.com\\\/en\\\/#website\"},\"datePublished\":\"2022-07-08T16:27:13+00:00\",\"dateModified\":\"2024-09-21T03:44:10+00:00\",\"description\":\"privacy notice\",\"breadcrumb\":{\"@id\":\"https:\\\/\\\/pulsebyscanda.com\\\/en\\\/privacy-notice\\\/#breadcrumb\"},\"inLanguage\":\"en-US\",\"potentialAction\":[{\"@type\":\"ReadAction\",\"target\":[\"https:\\\/\\\/pulsebyscanda.com\\\/en\\\/privacy-notice\\\/\"]}]},{\"@type\":\"BreadcrumbList\",\"@id\":\"https:\\\/\\\/pulsebyscanda.com\\\/en\\\/privacy-notice\\\/#breadcrumb\",\"itemListElement\":[{\"@type\":\"ListItem\",\"position\":1,\"name\":\"Portada\",\"item\":\"https:\\\/\\\/pulsebyscanda.com\\\/en\\\/home-pulse\\\/\"},{\"@type\":\"ListItem\",\"position\":2,\"name\":\"Privacy Notice\"}]},{\"@type\":\"WebSite\",\"@id\":\"https:\\\/\\\/pulsebyscanda.com\\\/en\\\/#website\",\"url\":\"https:\\\/\\\/pulsebyscanda.com\\\/en\\\/\",\"name\":\"Pulse\",\"description\":\"Construyendo resilencia empresarial\",\"publisher\":{\"@id\":\"https:\\\/\\\/pulsebyscanda.com\\\/en\\\/#organization\"},\"potentialAction\":[{\"@type\":\"SearchAction\",\"target\":{\"@type\":\"EntryPoint\",\"urlTemplate\":\"https:\\\/\\\/pulsebyscanda.com\\\/en\\\/?s={search_term_string}\"},\"query-input\":{\"@type\":\"PropertyValueSpecification\",\"valueRequired\":true,\"valueName\":\"search_term_string\"}}],\"inLanguage\":\"en-US\"},{\"@type\":\"Organization\",\"@id\":\"https:\\\/\\\/pulsebyscanda.com\\\/en\\\/#organization\",\"name\":\"Pulse\",\"url\":\"https:\\\/\\\/pulsebyscanda.com\\\/en\\\/\",\"logo\":{\"@type\":\"ImageObject\",\"inLanguage\":\"en-US\",\"@id\":\"https:\\\/\\\/pulsebyscanda.com\\\/en\\\/#\\\/schema\\\/logo\\\/image\\\/\",\"url\":\"https:\\\/\\\/pulsebyscanda.com\\\/wp-content\\\/uploads\\\/2026\\\/02\\\/cropped-Logo-Pulse.png\",\"contentUrl\":\"https:\\\/\\\/pulsebyscanda.com\\\/wp-content\\\/uploads\\\/2026\\\/02\\\/cropped-Logo-Pulse.png\",\"width\":509,\"height\":620,\"caption\":\"Pulse\"},\"image\":{\"@id\":\"https:\\\/\\\/pulsebyscanda.com\\\/en\\\/#\\\/schema\\\/logo\\\/image\\\/\"}}]}<\/script>\n<!-- \/ Yoast SEO plugin. -->","yoast_head_json":{"title":"Privacy Notice - Pulse","description":"privacy notice","robots":{"index":"index","follow":"follow","max-snippet":"max-snippet:-1","max-image-preview":"max-image-preview:large","max-video-preview":"max-video-preview:-1"},"canonical":"https:\/\/pulsebyscanda.com\/en\/privacy-notice\/","og_locale":"en_US","og_type":"article","og_title":"Privacy Notice - Pulse","og_description":"privacy notice","og_url":"https:\/\/pulsebyscanda.com\/en\/privacy-notice\/","og_site_name":"Pulse","article_modified_time":"2024-09-21T03:44:10+00:00","twitter_card":"summary_large_image","twitter_misc":{"Est. reading time":"2 minutes"},"schema":{"@context":"https:\/\/schema.org","@graph":[{"@type":"WebPage","@id":"https:\/\/pulsebyscanda.com\/en\/privacy-notice\/","url":"https:\/\/pulsebyscanda.com\/en\/privacy-notice\/","name":"Privacy Notice - Pulse","isPartOf":{"@id":"https:\/\/pulsebyscanda.com\/en\/#website"},"datePublished":"2022-07-08T16:27:13+00:00","dateModified":"2024-09-21T03:44:10+00:00","description":"privacy notice","breadcrumb":{"@id":"https:\/\/pulsebyscanda.com\/en\/privacy-notice\/#breadcrumb"},"inLanguage":"en-US","potentialAction":[{"@type":"ReadAction","target":["https:\/\/pulsebyscanda.com\/en\/privacy-notice\/"]}]},{"@type":"BreadcrumbList","@id":"https:\/\/pulsebyscanda.com\/en\/privacy-notice\/#breadcrumb","itemListElement":[{"@type":"ListItem","position":1,"name":"Portada","item":"https:\/\/pulsebyscanda.com\/en\/home-pulse\/"},{"@type":"ListItem","position":2,"name":"Privacy Notice"}]},{"@type":"WebSite","@id":"https:\/\/pulsebyscanda.com\/en\/#website","url":"https:\/\/pulsebyscanda.com\/en\/","name":"Pulse","description":"Construyendo resilencia empresarial","publisher":{"@id":"https:\/\/pulsebyscanda.com\/en\/#organization"},"potentialAction":[{"@type":"SearchAction","target":{"@type":"EntryPoint","urlTemplate":"https:\/\/pulsebyscanda.com\/en\/?s={search_term_string}"},"query-input":{"@type":"PropertyValueSpecification","valueRequired":true,"valueName":"search_term_string"}}],"inLanguage":"en-US"},{"@type":"Organization","@id":"https:\/\/pulsebyscanda.com\/en\/#organization","name":"Pulse","url":"https:\/\/pulsebyscanda.com\/en\/","logo":{"@type":"ImageObject","inLanguage":"en-US","@id":"https:\/\/pulsebyscanda.com\/en\/#\/schema\/logo\/image\/","url":"https:\/\/pulsebyscanda.com\/wp-content\/uploads\/2026\/02\/cropped-Logo-Pulse.png","contentUrl":"https:\/\/pulsebyscanda.com\/wp-content\/uploads\/2026\/02\/cropped-Logo-Pulse.png","width":509,"height":620,"caption":"Pulse"},"image":{"@id":"https:\/\/pulsebyscanda.com\/en\/#\/schema\/logo\/image\/"}}]}},"_links":{"self":[{"href":"https:\/\/pulsebyscanda.com\/en\/wp-json\/wp\/v2\/pages\/14094","targetHints":{"allow":["GET"]}}],"collection":[{"href":"https:\/\/pulsebyscanda.com\/en\/wp-json\/wp\/v2\/pages"}],"about":[{"href":"https:\/\/pulsebyscanda.com\/en\/wp-json\/wp\/v2\/types\/page"}],"author":[{"embeddable":true,"href":"https:\/\/pulsebyscanda.com\/en\/wp-json\/wp\/v2\/users\/8"}],"replies":[{"embeddable":true,"href":"https:\/\/pulsebyscanda.com\/en\/wp-json\/wp\/v2\/comments?post=14094"}],"version-history":[{"count":4,"href":"https:\/\/pulsebyscanda.com\/en\/wp-json\/wp\/v2\/pages\/14094\/revisions"}],"predecessor-version":[{"id":14455,"href":"https:\/\/pulsebyscanda.com\/en\/wp-json\/wp\/v2\/pages\/14094\/revisions\/14455"}],"wp:attachment":[{"href":"https:\/\/pulsebyscanda.com\/en\/wp-json\/wp\/v2\/media?parent=14094"}],"curies":[{"name":"wp","href":"https:\/\/api.w.org\/{rel}","templated":true}]}}